{"id":13,"date":"2021-09-06T09:41:08","date_gmt":"2021-09-06T12:41:08","guid":{"rendered":"http:\/\/ferroeacojc.com.br\/?page_id=13"},"modified":"2021-09-16T13:16:49","modified_gmt":"2021-09-16T16:16:49","slug":"localizacao","status":"publish","type":"page","link":"https:\/\/ferroeacojc.com.br\/index.php\/localizacao\/","title":{"rendered":"Localiza\u00e7\u00e3o"},"content":{"rendered":"\t\t<div data-elementor-type=\"wp-page\" data-elementor-id=\"13\" class=\"elementor elementor-13\">\n\t\t\t\t\t\t\t\t\t<section class=\"elementor-section elementor-top-section elementor-element elementor-element-738e3fd elementor-section-boxed elementor-section-height-default elementor-section-height-default\" data-id=\"738e3fd\" data-element_type=\"section\" data-settings=\"{&quot;background_background&quot;:&quot;classic&quot;}\">\n\t\t\t\t\t\t\t<div class=\"elementor-background-overlay\"><\/div>\n\t\t\t\t\t\t\t<div class=\"elementor-container elementor-column-gap-default\">\n\t\t\t\t\t<div class=\"elementor-column elementor-col-100 elementor-top-column elementor-element elementor-element-b30383a\" data-id=\"b30383a\" data-element_type=\"column\">\n\t\t\t<div class=\"elementor-widget-wrap elementor-element-populated\">\n\t\t\t\t\t\t\t\t<div class=\"elementor-element elementor-element-7a0d157 elementor-widget elementor-widget-heading\" data-id=\"7a0d157\" data-element_type=\"widget\" data-widget_type=\"heading.default\">\n\t\t\t\t<div class=\"elementor-widget-container\">\n\t\t\t<style>\/*! elementor - v3.6.5 - 27-04-2022 *\/\n.elementor-heading-title{padding:0;margin:0;line-height:1}.elementor-widget-heading .elementor-heading-title[class*=elementor-size-]>a{color:inherit;font-size:inherit;line-height:inherit}.elementor-widget-heading .elementor-heading-title.elementor-size-small{font-size:15px}.elementor-widget-heading .elementor-heading-title.elementor-size-medium{font-size:19px}.elementor-widget-heading .elementor-heading-title.elementor-size-large{font-size:29px}.elementor-widget-heading .elementor-heading-title.elementor-size-xl{font-size:39px}.elementor-widget-heading .elementor-heading-title.elementor-size-xxl{font-size:59px}<\/style><h2 class=\"elementor-heading-title elementor-size-default\">Localiza\u00e7\u00e3o<\/h2>\t\t<\/div>\n\t\t\t\t<\/div>\n\t\t\t\t\t<\/div>\n\t\t<\/div>\n\t\t\t\t\t\t\t<\/div>\n\t\t<\/section>\n\t\t\t\t<section class=\"elementor-section elementor-top-section elementor-element elementor-element-3a5f7bd elementor-section-boxed elementor-section-height-default elementor-section-height-default\" data-id=\"3a5f7bd\" data-element_type=\"section\">\n\t\t\t\t\t\t<div class=\"elementor-container elementor-column-gap-default\">\n\t\t\t\t\t<div class=\"elementor-column elementor-col-50 elementor-top-column elementor-element elementor-element-90625e0\" data-id=\"90625e0\" data-element_type=\"column\">\n\t\t\t<div class=\"elementor-widget-wrap elementor-element-populated\">\n\t\t\t\t\t\t\t\t<div class=\"elementor-element elementor-element-4f35ebc elementor-widget elementor-widget-text-editor\" data-id=\"4f35ebc\" data-element_type=\"widget\" data-widget_type=\"text-editor.default\">\n\t\t\t\t<div class=\"elementor-widget-container\">\n\t\t\t<style>\/*! elementor - v3.6.5 - 27-04-2022 *\/\n.elementor-widget-text-editor.elementor-drop-cap-view-stacked .elementor-drop-cap{background-color:#818a91;color:#fff}.elementor-widget-text-editor.elementor-drop-cap-view-framed .elementor-drop-cap{color:#818a91;border:3px solid;background-color:transparent}.elementor-widget-text-editor:not(.elementor-drop-cap-view-default) .elementor-drop-cap{margin-top:8px}.elementor-widget-text-editor:not(.elementor-drop-cap-view-default) .elementor-drop-cap-letter{width:1em;height:1em}.elementor-widget-text-editor .elementor-drop-cap{float:left;text-align:center;line-height:1;font-size:50px}.elementor-widget-text-editor .elementor-drop-cap-letter{display:inline-block}<\/style>\t\t\t\t<strong>Localiza\u00e7\u00e3o<\/strong><br>\nEstrada Presidente Juscelino Kubitchek de Oliveira, 3757 &#8211; Pimentas\/Guarulhos-SP, 07252-000\n<br><br>\n<strong>Telefone\n<\/strong><br>\n<a href=\"tel:1124991499\">(11) 2499-1499<\/a><br>\n<a href=\"tel:1124867694\">(11) 2486-7694<\/a>\n<br><br>\n<strong>E-mail\n<\/strong><br>\n<a href=\"mailto:ferroeacojc@terra.com.br\">ferroeacojc@terra.com.br<\/a>\t\t\t\t\t\t<\/div>\n\t\t\t\t<\/div>\n\t\t\t\t\t<\/div>\n\t\t<\/div>\n\t\t\t\t<div class=\"elementor-column elementor-col-50 elementor-top-column elementor-element elementor-element-1877cd8\" data-id=\"1877cd8\" data-element_type=\"column\">\n\t\t\t<div class=\"elementor-widget-wrap elementor-element-populated\">\n\t\t\t\t\t\t\t\t<div class=\"elementor-element elementor-element-c7ee794 elementor-widget elementor-widget-google_maps\" data-id=\"c7ee794\" data-element_type=\"widget\" data-widget_type=\"google_maps.default\">\n\t\t\t\t<div class=\"elementor-widget-container\">\n\t\t\t<style>\/*! elementor - v3.6.5 - 27-04-2022 *\/\n.elementor-widget-google_maps .elementor-widget-container{overflow:hidden}.elementor-widget-google_maps iframe{height:300px}<\/style>\t\t<div class=\"elementor-custom-embed\">\n\t\t\t<iframe frameborder=\"0\" scrolling=\"no\" marginheight=\"0\" marginwidth=\"0\"\n\t\t\t\t\tsrc=\"https:\/\/maps.google.com\/maps?q=Estrada%20Presidente%20Juscelino%20Kubitchek%20de%20Oliveira%2C%203757%20-%20Pimentas%2FGuarulhos-SP%2C%2007252-000&#038;t=m&#038;z=10&#038;output=embed&#038;iwloc=near\"\n\t\t\t\t\ttitle=\"Estrada Presidente Juscelino Kubitchek de Oliveira, 3757 - Pimentas\/Guarulhos-SP, 07252-000\"\n\t\t\t\t\taria-label=\"Estrada Presidente Juscelino Kubitchek de Oliveira, 3757 - Pimentas\/Guarulhos-SP, 07252-000\"\n\t\t\t><\/iframe>\n\t\t<\/div>\n\t\t\t\t<\/div>\n\t\t\t\t<\/div>\n\t\t\t\t\t<\/div>\n\t\t<\/div>\n\t\t\t\t\t\t\t<\/div>\n\t\t<\/section>\n\t\t\t\t\t\t\t<\/div>\n\t\t","protected":false},"excerpt":{"rendered":"<p>Localiza\u00e7\u00e3o Localiza\u00e7\u00e3o Estrada Presidente Juscelino Kubitchek de Oliveira, 3757 &#8211; Pimentas\/Guarulhos-SP, 07252-000 Telefone (11) 2499-1499 (11) 2486-7694 E-mail ferroeacojc@terra.com.br<\/p>\n","protected":false},"author":2,"featured_media":0,"parent":0,"menu_order":0,"comment_status":"closed","ping_status":"closed","template":"elementor_header_footer","meta":{"footnotes":""},"class_list":["post-13","page","type-page","status-publish","hentry"],"yoast_head":"<!-- This site is optimized with the Yoast SEO plugin v18.9 - https:\/\/yoast.com\/wordpress\/plugins\/seo\/ -->\n<title>Localiza\u00e7\u00e3o - JC Ferro e A\u00e7o<\/title>\n<meta name=\"robots\" content=\"index, follow, max-snippet:-1, max-image-preview:large, max-video-preview:-1\" \/>\n<link rel=\"canonical\" href=\"https:\/\/ferroeacojc.com.br\/index.php\/localizacao\/\" \/>\n<meta property=\"og:locale\" content=\"en_US\" \/>\n<meta property=\"og:type\" content=\"article\" \/>\n<meta property=\"og:title\" content=\"Localiza\u00e7\u00e3o - JC Ferro e A\u00e7o\" \/>\n<meta property=\"og:description\" content=\"Localiza\u00e7\u00e3o Localiza\u00e7\u00e3o Estrada Presidente Juscelino Kubitchek de Oliveira, 3757 &#8211; Pimentas\/Guarulhos-SP, 07252-000 Telefone (11) 2499-1499 (11) 2486-7694 E-mail ferroeacojc@terra.com.br\" \/>\n<meta property=\"og:url\" content=\"https:\/\/ferroeacojc.com.br\/index.php\/localizacao\/\" \/>\n<meta property=\"og:site_name\" content=\"JC Ferro e A\u00e7o\" \/>\n<meta property=\"article:modified_time\" content=\"2021-09-16T16:16:49+00:00\" \/>\n<meta name=\"twitter:card\" content=\"summary_large_image\" \/>\n<meta name=\"twitter:label1\" content=\"Est. reading time\" \/>\n\t<meta name=\"twitter:data1\" content=\"1 minute\" \/>\n<script type=\"application\/ld+json\" class=\"yoast-schema-graph\">{\"@context\":\"https:\/\/schema.org\",\"@graph\":[{\"@type\":\"WebSite\",\"@id\":\"https:\/\/ferroeacojc.com.br\/#website\",\"url\":\"https:\/\/ferroeacojc.com.br\/\",\"name\":\"JC Ferro e A\u00e7o\",\"description\":\"\",\"potentialAction\":[{\"@type\":\"SearchAction\",\"target\":{\"@type\":\"EntryPoint\",\"urlTemplate\":\"https:\/\/ferroeacojc.com.br\/?s={search_term_string}\"},\"query-input\":\"required name=search_term_string\"}],\"inLanguage\":\"en-US\"},{\"@type\":\"WebPage\",\"@id\":\"https:\/\/ferroeacojc.com.br\/index.php\/localizacao\/#webpage\",\"url\":\"https:\/\/ferroeacojc.com.br\/index.php\/localizacao\/\",\"name\":\"Localiza\u00e7\u00e3o - JC Ferro e A\u00e7o\",\"isPartOf\":{\"@id\":\"https:\/\/ferroeacojc.com.br\/#website\"},\"datePublished\":\"2021-09-06T12:41:08+00:00\",\"dateModified\":\"2021-09-16T16:16:49+00:00\",\"breadcrumb\":{\"@id\":\"https:\/\/ferroeacojc.com.br\/index.php\/localizacao\/#breadcrumb\"},\"inLanguage\":\"en-US\",\"potentialAction\":[{\"@type\":\"ReadAction\",\"target\":[\"https:\/\/ferroeacojc.com.br\/index.php\/localizacao\/\"]}]},{\"@type\":\"BreadcrumbList\",\"@id\":\"https:\/\/ferroeacojc.com.br\/index.php\/localizacao\/#breadcrumb\",\"itemListElement\":[{\"@type\":\"ListItem\",\"position\":1,\"name\":\"Home\",\"item\":\"https:\/\/ferroeacojc.com.br\/\"},{\"@type\":\"ListItem\",\"position\":2,\"name\":\"Localiza\u00e7\u00e3o\"}]}]}<\/script>\n<!-- \/ Yoast SEO plugin. -->","yoast_head_json":{"title":"Localiza\u00e7\u00e3o - JC Ferro e A\u00e7o","robots":{"index":"index","follow":"follow","max-snippet":"max-snippet:-1","max-image-preview":"max-image-preview:large","max-video-preview":"max-video-preview:-1"},"canonical":"https:\/\/ferroeacojc.com.br\/index.php\/localizacao\/","og_locale":"en_US","og_type":"article","og_title":"Localiza\u00e7\u00e3o - JC Ferro e A\u00e7o","og_description":"Localiza\u00e7\u00e3o Localiza\u00e7\u00e3o Estrada Presidente Juscelino Kubitchek de Oliveira, 3757 &#8211; Pimentas\/Guarulhos-SP, 07252-000 Telefone (11) 2499-1499 (11) 2486-7694 E-mail ferroeacojc@terra.com.br","og_url":"https:\/\/ferroeacojc.com.br\/index.php\/localizacao\/","og_site_name":"JC Ferro e A\u00e7o","article_modified_time":"2021-09-16T16:16:49+00:00","twitter_card":"summary_large_image","twitter_misc":{"Est. reading time":"1 minute"},"schema":{"@context":"https:\/\/schema.org","@graph":[{"@type":"WebSite","@id":"https:\/\/ferroeacojc.com.br\/#website","url":"https:\/\/ferroeacojc.com.br\/","name":"JC Ferro e A\u00e7o","description":"","potentialAction":[{"@type":"SearchAction","target":{"@type":"EntryPoint","urlTemplate":"https:\/\/ferroeacojc.com.br\/?s={search_term_string}"},"query-input":"required name=search_term_string"}],"inLanguage":"en-US"},{"@type":"WebPage","@id":"https:\/\/ferroeacojc.com.br\/index.php\/localizacao\/#webpage","url":"https:\/\/ferroeacojc.com.br\/index.php\/localizacao\/","name":"Localiza\u00e7\u00e3o - JC Ferro e A\u00e7o","isPartOf":{"@id":"https:\/\/ferroeacojc.com.br\/#website"},"datePublished":"2021-09-06T12:41:08+00:00","dateModified":"2021-09-16T16:16:49+00:00","breadcrumb":{"@id":"https:\/\/ferroeacojc.com.br\/index.php\/localizacao\/#breadcrumb"},"inLanguage":"en-US","potentialAction":[{"@type":"ReadAction","target":["https:\/\/ferroeacojc.com.br\/index.php\/localizacao\/"]}]},{"@type":"BreadcrumbList","@id":"https:\/\/ferroeacojc.com.br\/index.php\/localizacao\/#breadcrumb","itemListElement":[{"@type":"ListItem","position":1,"name":"Home","item":"https:\/\/ferroeacojc.com.br\/"},{"@type":"ListItem","position":2,"name":"Localiza\u00e7\u00e3o"}]}]}},"_links":{"self":[{"href":"https:\/\/ferroeacojc.com.br\/index.php\/wp-json\/wp\/v2\/pages\/13","targetHints":{"allow":["GET"]}}],"collection":[{"href":"https:\/\/ferroeacojc.com.br\/index.php\/wp-json\/wp\/v2\/pages"}],"about":[{"href":"https:\/\/ferroeacojc.com.br\/index.php\/wp-json\/wp\/v2\/types\/page"}],"author":[{"embeddable":true,"href":"https:\/\/ferroeacojc.com.br\/index.php\/wp-json\/wp\/v2\/users\/2"}],"replies":[{"embeddable":true,"href":"https:\/\/ferroeacojc.com.br\/index.php\/wp-json\/wp\/v2\/comments?post=13"}],"version-history":[{"count":4,"href":"https:\/\/ferroeacojc.com.br\/index.php\/wp-json\/wp\/v2\/pages\/13\/revisions"}],"predecessor-version":[{"id":238,"href":"https:\/\/ferroeacojc.com.br\/index.php\/wp-json\/wp\/v2\/pages\/13\/revisions\/238"}],"wp:attachment":[{"href":"https:\/\/ferroeacojc.com.br\/index.php\/wp-json\/wp\/v2\/media?parent=13"}],"curies":[{"name":"wp","href":"https:\/\/api.w.org\/{rel}","templated":true}]}}