{"id":9,"date":"2021-09-06T09:38:43","date_gmt":"2021-09-06T12:38:43","guid":{"rendered":"http:\/\/ferroeacojc.com.br\/?page_id=9"},"modified":"2021-09-21T10:53:12","modified_gmt":"2021-09-21T13:53:12","slug":"empresa","status":"publish","type":"page","link":"https:\/\/ferroeacojc.com.br\/index.php\/empresa\/","title":{"rendered":"Empresa"},"content":{"rendered":"\t\t<div data-elementor-type=\"wp-page\" data-elementor-id=\"9\" class=\"elementor elementor-9\">\n\t\t\t\t\t\t\t\t\t<section class=\"elementor-section elementor-top-section elementor-element elementor-element-3bd701a elementor-section-boxed elementor-section-height-default elementor-section-height-default\" data-id=\"3bd701a\" data-element_type=\"section\" data-settings=\"{&quot;background_background&quot;:&quot;classic&quot;}\">\n\t\t\t\t\t\t\t<div class=\"elementor-background-overlay\"><\/div>\n\t\t\t\t\t\t\t<div class=\"elementor-container elementor-column-gap-default\">\n\t\t\t\t\t<div class=\"elementor-column elementor-col-100 elementor-top-column elementor-element elementor-element-24bd57c\" data-id=\"24bd57c\" data-element_type=\"column\">\n\t\t\t<div class=\"elementor-widget-wrap elementor-element-populated\">\n\t\t\t\t\t\t\t\t<div class=\"elementor-element elementor-element-2fcd806 elementor-widget elementor-widget-heading\" data-id=\"2fcd806\" data-element_type=\"widget\" data-widget_type=\"heading.default\">\n\t\t\t\t<div class=\"elementor-widget-container\">\n\t\t\t<style>\/*! elementor - v3.6.5 - 27-04-2022 *\/\n.elementor-heading-title{padding:0;margin:0;line-height:1}.elementor-widget-heading .elementor-heading-title[class*=elementor-size-]>a{color:inherit;font-size:inherit;line-height:inherit}.elementor-widget-heading .elementor-heading-title.elementor-size-small{font-size:15px}.elementor-widget-heading .elementor-heading-title.elementor-size-medium{font-size:19px}.elementor-widget-heading .elementor-heading-title.elementor-size-large{font-size:29px}.elementor-widget-heading .elementor-heading-title.elementor-size-xl{font-size:39px}.elementor-widget-heading .elementor-heading-title.elementor-size-xxl{font-size:59px}<\/style><h2 class=\"elementor-heading-title elementor-size-default\">Empresa<\/h2>\t\t<\/div>\n\t\t\t\t<\/div>\n\t\t\t\t\t<\/div>\n\t\t<\/div>\n\t\t\t\t\t\t\t<\/div>\n\t\t<\/section>\n\t\t\t\t<section class=\"elementor-section elementor-top-section elementor-element elementor-element-f252bfb elementor-section-boxed elementor-section-height-default elementor-section-height-default\" data-id=\"f252bfb\" data-element_type=\"section\">\n\t\t\t\t\t\t<div class=\"elementor-container elementor-column-gap-default\">\n\t\t\t\t\t<div class=\"elementor-column elementor-col-50 elementor-top-column elementor-element elementor-element-583e580\" data-id=\"583e580\" data-element_type=\"column\">\n\t\t\t<div class=\"elementor-widget-wrap elementor-element-populated\">\n\t\t\t\t\t\t\t\t<div class=\"elementor-element elementor-element-a675dbd elementor-widget elementor-widget-text-editor\" data-id=\"a675dbd\" data-element_type=\"widget\" data-widget_type=\"text-editor.default\">\n\t\t\t\t<div class=\"elementor-widget-container\">\n\t\t\t<style>\/*! elementor - v3.6.5 - 27-04-2022 *\/\n.elementor-widget-text-editor.elementor-drop-cap-view-stacked .elementor-drop-cap{background-color:#818a91;color:#fff}.elementor-widget-text-editor.elementor-drop-cap-view-framed .elementor-drop-cap{color:#818a91;border:3px solid;background-color:transparent}.elementor-widget-text-editor:not(.elementor-drop-cap-view-default) .elementor-drop-cap{margin-top:8px}.elementor-widget-text-editor:not(.elementor-drop-cap-view-default) .elementor-drop-cap-letter{width:1em;height:1em}.elementor-widget-text-editor .elementor-drop-cap{float:left;text-align:center;line-height:1;font-size:50px}.elementor-widget-text-editor .elementor-drop-cap-letter{display:inline-block}<\/style>\t\t\t\t<p>A Ferro e A\u00e7o J.C \u00e9 uma empresa estabelecida na cidade de Guarulhos &#8211; SP., desde 1999 atuando nas areas da Ind\u00fastria, Serralheria e Constru\u00e7\u00e3o Civil, fornecendo produtos de qualidade, atendendo as necessidades do mercado e buscando sempre um relacionamento perfeito com seus clientes, colaboradores e fornecedores, atuando sempre com pre\u00e7os competitivos e oferecendo v\u00e1rias formas de pagamento. Est\u00e1 \u00e9 a filosofia principal da Ferro e A\u00e7o J.C para estar em crescimento constante.<\/p>\t\t\t\t\t\t<\/div>\n\t\t\t\t<\/div>\n\t\t\t\t\t<\/div>\n\t\t<\/div>\n\t\t\t\t<div class=\"elementor-column elementor-col-50 elementor-top-column elementor-element elementor-element-54db60e\" data-id=\"54db60e\" data-element_type=\"column\">\n\t\t\t<div class=\"elementor-widget-wrap elementor-element-populated\">\n\t\t\t\t\t\t\t\t<div class=\"elementor-element elementor-element-40179c9 elementor-widget elementor-widget-image\" data-id=\"40179c9\" data-element_type=\"widget\" data-widget_type=\"image.default\">\n\t\t\t\t<div class=\"elementor-widget-container\">\n\t\t\t<style>\/*! elementor - v3.6.5 - 27-04-2022 *\/\n.elementor-widget-image{text-align:center}.elementor-widget-image a{display:inline-block}.elementor-widget-image a img[src$=\".svg\"]{width:48px}.elementor-widget-image img{vertical-align:middle;display:inline-block}<\/style>\t\t\t\t\t\t\t\t\t\t\t\t<img loading=\"lazy\" decoding=\"async\" width=\"511\" height=\"341\" src=\"https:\/\/ferroeacojc.com.br\/wp-content\/uploads\/2021\/09\/empresa.webp\" class=\"attachment-full size-full\" alt=\"\" srcset=\"https:\/\/ferroeacojc.com.br\/wp-content\/uploads\/2021\/09\/empresa.webp 511w, https:\/\/ferroeacojc.com.br\/wp-content\/uploads\/2021\/09\/empresa-300x200.webp 300w\" sizes=\"auto, (max-width: 511px) 100vw, 511px\" \/>\t\t\t\t\t\t\t\t\t\t\t\t\t\t\t<\/div>\n\t\t\t\t<\/div>\n\t\t\t\t\t<\/div>\n\t\t<\/div>\n\t\t\t\t\t\t\t<\/div>\n\t\t<\/section>\n\t\t\t\t<section class=\"elementor-section elementor-top-section elementor-element elementor-element-ffd4171 elementor-section-full_width elementor-section-stretched elementor-section-height-default elementor-section-height-default\" data-id=\"ffd4171\" data-element_type=\"section\" data-settings=\"{&quot;stretch_section&quot;:&quot;section-stretched&quot;,&quot;background_background&quot;:&quot;classic&quot;}\">\n\t\t\t\t\t\t\t<div class=\"elementor-background-overlay\"><\/div>\n\t\t\t\t\t\t\t<div class=\"elementor-container elementor-column-gap-no\">\n\t\t\t\t\t<div class=\"elementor-column elementor-col-100 elementor-top-column elementor-element elementor-element-a586d10\" data-id=\"a586d10\" data-element_type=\"column\">\n\t\t\t<div class=\"elementor-widget-wrap elementor-element-populated\">\n\t\t\t\t\t\t\t\t<section class=\"elementor-section elementor-inner-section elementor-element elementor-element-4ececa2 elementor-section-boxed elementor-section-height-default elementor-section-height-default\" data-id=\"4ececa2\" data-element_type=\"section\">\n\t\t\t\t\t\t<div class=\"elementor-container elementor-column-gap-default\">\n\t\t\t\t\t<div class=\"elementor-column elementor-col-100 elementor-inner-column elementor-element elementor-element-3bcaeba\" data-id=\"3bcaeba\" data-element_type=\"column\">\n\t\t\t<div class=\"elementor-widget-wrap elementor-element-populated\">\n\t\t\t\t\t\t\t\t<div class=\"elementor-element elementor-element-d6cda34 elementor-align-center elementor-widget elementor-widget-button\" data-id=\"d6cda34\" data-element_type=\"widget\" data-widget_type=\"button.default\">\n\t\t\t\t<div class=\"elementor-widget-container\">\n\t\t\t\t\t<div class=\"elementor-button-wrapper\">\n\t\t\t<a href=\"https:\/\/ferroeacojc.com.br\/index.php\/contato\" class=\"elementor-button-link elementor-button elementor-size-sm\" role=\"button\">\n\t\t\t\t\t\t<span class=\"elementor-button-content-wrapper\">\n\t\t\t\t\t\t<span class=\"elementor-button-text\">Pe\u00e7a seu or\u00e7amento on-line<\/span>\n\t\t<\/span>\n\t\t\t\t\t<\/a>\n\t\t<\/div>\n\t\t\t\t<\/div>\n\t\t\t\t<\/div>\n\t\t\t\t\t<\/div>\n\t\t<\/div>\n\t\t\t\t\t\t\t<\/div>\n\t\t<\/section>\n\t\t\t\t\t<\/div>\n\t\t<\/div>\n\t\t\t\t\t\t\t<\/div>\n\t\t<\/section>\n\t\t\t\t\t\t\t<\/div>\n\t\t","protected":false},"excerpt":{"rendered":"<p>Empresa A Ferro e A\u00e7o J.C \u00e9 uma empresa estabelecida na cidade de Guarulhos &#8211; SP., desde 1999 atuando nas areas da Ind\u00fastria, Serralheria e Constru\u00e7\u00e3o Civil, fornecendo produtos de qualidade, atendendo as necessidades do mercado e buscando sempre um relacionamento perfeito com seus clientes, colaboradores e fornecedores, atuando sempre com pre\u00e7os competitivos e oferecendo [&hellip;]<\/p>\n","protected":false},"author":2,"featured_media":0,"parent":0,"menu_order":0,"comment_status":"closed","ping_status":"closed","template":"elementor_header_footer","meta":{"footnotes":""},"class_list":["post-9","page","type-page","status-publish","hentry"],"yoast_head":"<!-- This site is optimized with the Yoast SEO plugin v18.9 - https:\/\/yoast.com\/wordpress\/plugins\/seo\/ -->\n<title>Empresa - JC Ferro e A\u00e7o<\/title>\n<meta name=\"robots\" content=\"index, follow, max-snippet:-1, max-image-preview:large, max-video-preview:-1\" \/>\n<link rel=\"canonical\" href=\"https:\/\/ferroeacojc.com.br\/index.php\/empresa\/\" \/>\n<meta property=\"og:locale\" content=\"en_US\" \/>\n<meta property=\"og:type\" content=\"article\" \/>\n<meta property=\"og:title\" content=\"Empresa - JC Ferro e A\u00e7o\" \/>\n<meta property=\"og:description\" content=\"Empresa A Ferro e A\u00e7o J.C \u00e9 uma empresa estabelecida na cidade de Guarulhos &#8211; SP., desde 1999 atuando nas areas da Ind\u00fastria, Serralheria e Constru\u00e7\u00e3o Civil, fornecendo produtos de qualidade, atendendo as necessidades do mercado e buscando sempre um relacionamento perfeito com seus clientes, colaboradores e fornecedores, atuando sempre com pre\u00e7os competitivos e oferecendo [&hellip;]\" \/>\n<meta property=\"og:url\" content=\"https:\/\/ferroeacojc.com.br\/index.php\/empresa\/\" \/>\n<meta property=\"og:site_name\" content=\"JC Ferro e A\u00e7o\" \/>\n<meta property=\"article:modified_time\" content=\"2021-09-21T13:53:12+00:00\" \/>\n<meta property=\"og:image\" content=\"http:\/\/ferroeacojc.com.br\/wp-content\/uploads\/2021\/09\/empresa.webp\" \/>\n<meta name=\"twitter:card\" content=\"summary_large_image\" \/>\n<meta name=\"twitter:label1\" content=\"Est. reading time\" \/>\n\t<meta name=\"twitter:data1\" content=\"1 minute\" \/>\n<script type=\"application\/ld+json\" class=\"yoast-schema-graph\">{\"@context\":\"https:\/\/schema.org\",\"@graph\":[{\"@type\":\"WebSite\",\"@id\":\"https:\/\/ferroeacojc.com.br\/#website\",\"url\":\"https:\/\/ferroeacojc.com.br\/\",\"name\":\"JC Ferro e A\u00e7o\",\"description\":\"\",\"potentialAction\":[{\"@type\":\"SearchAction\",\"target\":{\"@type\":\"EntryPoint\",\"urlTemplate\":\"https:\/\/ferroeacojc.com.br\/?s={search_term_string}\"},\"query-input\":\"required name=search_term_string\"}],\"inLanguage\":\"en-US\"},{\"@type\":\"ImageObject\",\"inLanguage\":\"en-US\",\"@id\":\"https:\/\/ferroeacojc.com.br\/index.php\/empresa\/#primaryimage\",\"url\":\"http:\/\/ferroeacojc.com.br\/wp-content\/uploads\/2021\/09\/empresa.webp\",\"contentUrl\":\"http:\/\/ferroeacojc.com.br\/wp-content\/uploads\/2021\/09\/empresa.webp\"},{\"@type\":\"WebPage\",\"@id\":\"https:\/\/ferroeacojc.com.br\/index.php\/empresa\/#webpage\",\"url\":\"https:\/\/ferroeacojc.com.br\/index.php\/empresa\/\",\"name\":\"Empresa - JC Ferro e A\u00e7o\",\"isPartOf\":{\"@id\":\"https:\/\/ferroeacojc.com.br\/#website\"},\"primaryImageOfPage\":{\"@id\":\"https:\/\/ferroeacojc.com.br\/index.php\/empresa\/#primaryimage\"},\"datePublished\":\"2021-09-06T12:38:43+00:00\",\"dateModified\":\"2021-09-21T13:53:12+00:00\",\"breadcrumb\":{\"@id\":\"https:\/\/ferroeacojc.com.br\/index.php\/empresa\/#breadcrumb\"},\"inLanguage\":\"en-US\",\"potentialAction\":[{\"@type\":\"ReadAction\",\"target\":[\"https:\/\/ferroeacojc.com.br\/index.php\/empresa\/\"]}]},{\"@type\":\"BreadcrumbList\",\"@id\":\"https:\/\/ferroeacojc.com.br\/index.php\/empresa\/#breadcrumb\",\"itemListElement\":[{\"@type\":\"ListItem\",\"position\":1,\"name\":\"Home\",\"item\":\"https:\/\/ferroeacojc.com.br\/\"},{\"@type\":\"ListItem\",\"position\":2,\"name\":\"Empresa\"}]}]}<\/script>\n<!-- \/ Yoast SEO plugin. -->","yoast_head_json":{"title":"Empresa - JC Ferro e A\u00e7o","robots":{"index":"index","follow":"follow","max-snippet":"max-snippet:-1","max-image-preview":"max-image-preview:large","max-video-preview":"max-video-preview:-1"},"canonical":"https:\/\/ferroeacojc.com.br\/index.php\/empresa\/","og_locale":"en_US","og_type":"article","og_title":"Empresa - JC Ferro e A\u00e7o","og_description":"Empresa A Ferro e A\u00e7o J.C \u00e9 uma empresa estabelecida na cidade de Guarulhos &#8211; SP., desde 1999 atuando nas areas da Ind\u00fastria, Serralheria e Constru\u00e7\u00e3o Civil, fornecendo produtos de qualidade, atendendo as necessidades do mercado e buscando sempre um relacionamento perfeito com seus clientes, colaboradores e fornecedores, atuando sempre com pre\u00e7os competitivos e oferecendo [&hellip;]","og_url":"https:\/\/ferroeacojc.com.br\/index.php\/empresa\/","og_site_name":"JC Ferro e A\u00e7o","article_modified_time":"2021-09-21T13:53:12+00:00","og_image":[{"url":"http:\/\/ferroeacojc.com.br\/wp-content\/uploads\/2021\/09\/empresa.webp"}],"twitter_card":"summary_large_image","twitter_misc":{"Est. reading time":"1 minute"},"schema":{"@context":"https:\/\/schema.org","@graph":[{"@type":"WebSite","@id":"https:\/\/ferroeacojc.com.br\/#website","url":"https:\/\/ferroeacojc.com.br\/","name":"JC Ferro e A\u00e7o","description":"","potentialAction":[{"@type":"SearchAction","target":{"@type":"EntryPoint","urlTemplate":"https:\/\/ferroeacojc.com.br\/?s={search_term_string}"},"query-input":"required name=search_term_string"}],"inLanguage":"en-US"},{"@type":"ImageObject","inLanguage":"en-US","@id":"https:\/\/ferroeacojc.com.br\/index.php\/empresa\/#primaryimage","url":"http:\/\/ferroeacojc.com.br\/wp-content\/uploads\/2021\/09\/empresa.webp","contentUrl":"http:\/\/ferroeacojc.com.br\/wp-content\/uploads\/2021\/09\/empresa.webp"},{"@type":"WebPage","@id":"https:\/\/ferroeacojc.com.br\/index.php\/empresa\/#webpage","url":"https:\/\/ferroeacojc.com.br\/index.php\/empresa\/","name":"Empresa - JC Ferro e A\u00e7o","isPartOf":{"@id":"https:\/\/ferroeacojc.com.br\/#website"},"primaryImageOfPage":{"@id":"https:\/\/ferroeacojc.com.br\/index.php\/empresa\/#primaryimage"},"datePublished":"2021-09-06T12:38:43+00:00","dateModified":"2021-09-21T13:53:12+00:00","breadcrumb":{"@id":"https:\/\/ferroeacojc.com.br\/index.php\/empresa\/#breadcrumb"},"inLanguage":"en-US","potentialAction":[{"@type":"ReadAction","target":["https:\/\/ferroeacojc.com.br\/index.php\/empresa\/"]}]},{"@type":"BreadcrumbList","@id":"https:\/\/ferroeacojc.com.br\/index.php\/empresa\/#breadcrumb","itemListElement":[{"@type":"ListItem","position":1,"name":"Home","item":"https:\/\/ferroeacojc.com.br\/"},{"@type":"ListItem","position":2,"name":"Empresa"}]}]}},"_links":{"self":[{"href":"https:\/\/ferroeacojc.com.br\/index.php\/wp-json\/wp\/v2\/pages\/9","targetHints":{"allow":["GET"]}}],"collection":[{"href":"https:\/\/ferroeacojc.com.br\/index.php\/wp-json\/wp\/v2\/pages"}],"about":[{"href":"https:\/\/ferroeacojc.com.br\/index.php\/wp-json\/wp\/v2\/types\/page"}],"author":[{"embeddable":true,"href":"https:\/\/ferroeacojc.com.br\/index.php\/wp-json\/wp\/v2\/users\/2"}],"replies":[{"embeddable":true,"href":"https:\/\/ferroeacojc.com.br\/index.php\/wp-json\/wp\/v2\/comments?post=9"}],"version-history":[{"count":19,"href":"https:\/\/ferroeacojc.com.br\/index.php\/wp-json\/wp\/v2\/pages\/9\/revisions"}],"predecessor-version":[{"id":257,"href":"https:\/\/ferroeacojc.com.br\/index.php\/wp-json\/wp\/v2\/pages\/9\/revisions\/257"}],"wp:attachment":[{"href":"https:\/\/ferroeacojc.com.br\/index.php\/wp-json\/wp\/v2\/media?parent=9"}],"curies":[{"name":"wp","href":"https:\/\/api.w.org\/{rel}","templated":true}]}}